{"id":3234,"date":"2019-10-12T17:20:08","date_gmt":"2019-10-12T15:20:08","guid":{"rendered":"https:\/\/www.njm.be\/?post_type=product&#038;p=3234"},"modified":"2021-04-17T14:44:28","modified_gmt":"2021-04-17T12:44:28","slug":"bracelet-gatsby","status":"publish","type":"product","link":"https:\/\/www.njm.be\/en\/produit\/bracelet-gatsby\/","title":{"rendered":"Gatsby"},"content":{"rendered":"<p>Bracelet plaqu\u00e9 or aux 3 design<br \/>\nUn bracelet qui aurait pu \u00eatre port\u00e9 lors des soir\u00e9es de M. Gatsby<br \/>\nLongueur: 16+4<br \/>\nFermoir mousqueton<br \/>\nExiste en version argent<\/p>\n","protected":false},"excerpt":{"rendered":"<p><strong>&#8220;C&#8217;est de la folie ces soir\u00e9es&#8230; au moins je ne passe pas inaper\u00e7ue !&#8221;<\/strong><\/p>\n","protected":false},"featured_media":3235,"comment_status":"open","ping_status":"closed","template":"","meta":[],"product_cat":[69],"product_tag":[105],"_links":{"self":[{"href":"https:\/\/www.njm.be\/en\/wp-json\/wp\/v2\/product\/3234"}],"collection":[{"href":"https:\/\/www.njm.be\/en\/wp-json\/wp\/v2\/product"}],"about":[{"href":"https:\/\/www.njm.be\/en\/wp-json\/wp\/v2\/types\/product"}],"replies":[{"embeddable":true,"href":"https:\/\/www.njm.be\/en\/wp-json\/wp\/v2\/comments?post=3234"}],"wp:featuredmedia":[{"embeddable":true,"href":"https:\/\/www.njm.be\/en\/wp-json\/wp\/v2\/media\/3235"}],"wp:attachment":[{"href":"https:\/\/www.njm.be\/en\/wp-json\/wp\/v2\/media?parent=3234"}],"wp:term":[{"taxonomy":"product_cat","embeddable":true,"href":"https:\/\/www.njm.be\/en\/wp-json\/wp\/v2\/product_cat?post=3234"},{"taxonomy":"product_tag","embeddable":true,"href":"https:\/\/www.njm.be\/en\/wp-json\/wp\/v2\/product_tag?post=3234"}],"curies":[{"name":"wp","href":"https:\/\/api.w.org\/{rel}","templated":true}]}}