{"id":3231,"date":"2019-10-12T17:16:00","date_gmt":"2019-10-12T15:16:00","guid":{"rendered":"https:\/\/www.njm.be\/?post_type=product&#038;p=3231"},"modified":"2021-04-17T14:44:50","modified_gmt":"2021-04-17T12:44:50","slug":"bracelet-emma","status":"publish","type":"product","link":"https:\/\/www.njm.be\/en\/produit\/bracelet-emma\/","title":{"rendered":"Emma"},"content":{"rendered":"<p>Bracelet fermoir \u00e9lastique plaqu\u00e9 or<br \/>\nA porter tous les jours associ\u00e9 \u00e0 d&#8217;autres bracelets<\/p>\n","protected":false},"excerpt":{"rendered":"<p>Bracelet fermoir \u00e9lastique plaqu\u00e9 or A porter tous les jours associ\u00e9 \u00e0 d&#8217;autres bracelets<\/p>\n","protected":false},"featured_media":3232,"comment_status":"open","ping_status":"closed","template":"","meta":[],"product_cat":[69],"product_tag":[105],"_links":{"self":[{"href":"https:\/\/www.njm.be\/en\/wp-json\/wp\/v2\/product\/3231"}],"collection":[{"href":"https:\/\/www.njm.be\/en\/wp-json\/wp\/v2\/product"}],"about":[{"href":"https:\/\/www.njm.be\/en\/wp-json\/wp\/v2\/types\/product"}],"replies":[{"embeddable":true,"href":"https:\/\/www.njm.be\/en\/wp-json\/wp\/v2\/comments?post=3231"}],"wp:featuredmedia":[{"embeddable":true,"href":"https:\/\/www.njm.be\/en\/wp-json\/wp\/v2\/media\/3232"}],"wp:attachment":[{"href":"https:\/\/www.njm.be\/en\/wp-json\/wp\/v2\/media?parent=3231"}],"wp:term":[{"taxonomy":"product_cat","embeddable":true,"href":"https:\/\/www.njm.be\/en\/wp-json\/wp\/v2\/product_cat?post=3231"},{"taxonomy":"product_tag","embeddable":true,"href":"https:\/\/www.njm.be\/en\/wp-json\/wp\/v2\/product_tag?post=3231"}],"curies":[{"name":"wp","href":"https:\/\/api.w.org\/{rel}","templated":true}]}}