{"id":2752,"date":"2018-11-06T12:55:09","date_gmt":"2018-11-06T11:55:09","guid":{"rendered":"https:\/\/www.njm.be\/?post_type=product&#038;p=2752"},"modified":"2020-11-19T14:50:24","modified_gmt":"2020-11-19T13:50:24","slug":"collier-bee","status":"publish","type":"product","link":"https:\/\/www.njm.be\/en\/produit\/collier-bee\/","title":{"rendered":"Collier Bee"},"content":{"rendered":"<p>Collier en laiton dor\u00e9 \u00e0 l&#8217;or fin 1 micron 24 carats<br \/>\nM\u00e9daille abeille de (26&#215;2.4mm), m\u00e9daille grav\u00e9 de 2cm,.<br \/>\nLongueur de cha\u00eene 45cm.<\/p>\n","protected":false},"excerpt":{"rendered":"<p>Cha\u00eene dor\u00e9 avec m\u00e9daillon abeille<\/p>\n","protected":false},"featured_media":3647,"comment_status":"closed","ping_status":"closed","template":"","meta":[],"product_cat":[70],"product_tag":[108,101],"_links":{"self":[{"href":"https:\/\/www.njm.be\/en\/wp-json\/wp\/v2\/product\/2752"}],"collection":[{"href":"https:\/\/www.njm.be\/en\/wp-json\/wp\/v2\/product"}],"about":[{"href":"https:\/\/www.njm.be\/en\/wp-json\/wp\/v2\/types\/product"}],"replies":[{"embeddable":true,"href":"https:\/\/www.njm.be\/en\/wp-json\/wp\/v2\/comments?post=2752"}],"wp:featuredmedia":[{"embeddable":true,"href":"https:\/\/www.njm.be\/en\/wp-json\/wp\/v2\/media\/3647"}],"wp:attachment":[{"href":"https:\/\/www.njm.be\/en\/wp-json\/wp\/v2\/media?parent=2752"}],"wp:term":[{"taxonomy":"product_cat","embeddable":true,"href":"https:\/\/www.njm.be\/en\/wp-json\/wp\/v2\/product_cat?post=2752"},{"taxonomy":"product_tag","embeddable":true,"href":"https:\/\/www.njm.be\/en\/wp-json\/wp\/v2\/product_tag?post=2752"}],"curies":[{"name":"wp","href":"https:\/\/api.w.org\/{rel}","templated":true}]}}