{"id":2273,"date":"2017-07-18T11:52:02","date_gmt":"2017-07-18T09:52:02","guid":{"rendered":"https:\/\/www.njm.be\/service-cadeau\/"},"modified":"2018-02-06T11:11:27","modified_gmt":"2018-02-06T10:11:27","slug":"service-cadeau","status":"publish","type":"page","link":"https:\/\/www.njm.be\/en\/service-cadeau\/","title":{"rendered":"Gift Service"},"content":{"rendered":"<p><strong><img decoding=\"async\" loading=\"lazy\" class=\"alignright wp-image-1359 \" src=\"https:\/\/www.njm.be\/files\/2017\/07\/service-cadeau_1.jpg\" alt=\"\" width=\"478\" height=\"431\" srcset=\"https:\/\/www.njm.be\/files\/2017\/07\/service-cadeau_1.jpg 568w, https:\/\/www.njm.be\/files\/2017\/07\/service-cadeau_1-444x400.jpg 444w\" sizes=\"(max-width: 478px) 100vw, 478px\" \/>Nous vous proposons \u00e9galement un service de livraison pour tous vos cadeaux.<br \/>\n<\/strong><br \/>\nPlus besoin de perdre du temps dans les files. Vous choisissez, nous faisons le reste.<\/p>\n<p>Nos services vont de l&#8217;emballage (\u00e9crins, housses, papier cadeau) jusqu&#8217;\u00e0 la livraison \u00e0 l&#8217;adresse de votre choix.<\/p>\n<p>Vous d\u00e9sirez ajouter un petit mot personnel ? Rien de plus facile. Envoyez-nous votre texte et il accompagnera votre bijou.<\/p>\n<p>Pour nous, la garantie d&#8217;un service rapide et fiable.<br \/>\nPour vous, un gain de temps consid\u00e9rable et la possibilit\u00e9 d&#8217;\u00e9changer le cadeau*.<\/p>\n<p><strong>Essayez !<\/strong><\/p>\n<p>* end\u00e9ans les 14 jours \u00e0 condition que le bijou n&#8217;ait pas \u00e9t\u00e9 port\u00e9 et qu&#8217;il soit retourn\u00e9 dans son emballage d&#8217;origine<\/p>\n","protected":false},"excerpt":{"rendered":"<p>Nous vous proposons \u00e9galement un service de livraison pour tous vos cadeaux. Plus besoin de perdre du temps dans les files. Vous choisissez, nous faisons le reste. Nos services vont de l&#8217;emballage (\u00e9crins, housses, papier cadeau) jusqu&#8217;\u00e0 la livraison \u00e0 l&#8217;adresse de votre choix. Vous d\u00e9sirez ajouter un petit mot personnel ? Rien de plus [&#8230;]\n","protected":false},"author":3,"featured_media":0,"parent":0,"menu_order":0,"comment_status":"closed","ping_status":"closed","template":"","meta":[],"_links":{"self":[{"href":"https:\/\/www.njm.be\/en\/wp-json\/wp\/v2\/pages\/2273"}],"collection":[{"href":"https:\/\/www.njm.be\/en\/wp-json\/wp\/v2\/pages"}],"about":[{"href":"https:\/\/www.njm.be\/en\/wp-json\/wp\/v2\/types\/page"}],"author":[{"embeddable":true,"href":"https:\/\/www.njm.be\/en\/wp-json\/wp\/v2\/users\/3"}],"replies":[{"embeddable":true,"href":"https:\/\/www.njm.be\/en\/wp-json\/wp\/v2\/comments?post=2273"}],"version-history":[{"count":1,"href":"https:\/\/www.njm.be\/en\/wp-json\/wp\/v2\/pages\/2273\/revisions"}],"predecessor-version":[{"id":2275,"href":"https:\/\/www.njm.be\/en\/wp-json\/wp\/v2\/pages\/2273\/revisions\/2275"}],"wp:attachment":[{"href":"https:\/\/www.njm.be\/en\/wp-json\/wp\/v2\/media?parent=2273"}],"curies":[{"name":"wp","href":"https:\/\/api.w.org\/{rel}","templated":true}]}}